{"id":889,"date":"2024-01-19T10:50:27","date_gmt":"2024-01-19T10:50:27","guid":{"rendered":"https:\/\/ebuishak.org\/?page_id=889"},"modified":"2024-01-19T11:37:28","modified_gmt":"2024-01-19T11:37:28","slug":"benim-ailem-programi","status":"publish","type":"page","link":"https:\/\/ebuishak.org\/index.php\/benim-ailem-programi\/","title":{"rendered":"BEN\u0130M A\u0130LEM PROGRAMI"},"content":{"rendered":"\t\t<div data-elementor-type=\"wp-page\" data-elementor-id=\"889\" class=\"elementor elementor-889\">\n\t\t\t\t\t\t\t<div class=\"elementor-element elementor-element-25e721d e-flex e-con-boxed e-con e-parent\" data-id=\"25e721d\" data-element_type=\"container\" data-settings=\"{&quot;content_width&quot;:&quot;boxed&quot;}\" data-core-v316-plus=\"true\">\n\t\t\t\t\t<div class=\"e-con-inner\">\n\t\t\t\t<div class=\"elementor-element elementor-element-9b85d8d elementor-widget elementor-widget-heading\" data-id=\"9b85d8d\" data-element_type=\"widget\" data-widget_type=\"heading.default\">\n\t\t\t\t<div class=\"elementor-widget-container\">\n\t\t\t<style>\/*! elementor - v3.18.0 - 20-12-2023 *\/\n.elementor-heading-title{padding:0;margin:0;line-height:1}.elementor-widget-heading .elementor-heading-title[class*=elementor-size-]>a{color:inherit;font-size:inherit;line-height:inherit}.elementor-widget-heading .elementor-heading-title.elementor-size-small{font-size:15px}.elementor-widget-heading .elementor-heading-title.elementor-size-medium{font-size:19px}.elementor-widget-heading .elementor-heading-title.elementor-size-large{font-size:29px}.elementor-widget-heading .elementor-heading-title.elementor-size-xl{font-size:39px}.elementor-widget-heading .elementor-heading-title.elementor-size-xxl{font-size:59px}<\/style><h2 class=\"elementor-heading-title elementor-size-medium\">Vakf\u0131m\u0131z Faaliyetlerinde G\u00f6n\u00fcll\u00fc Olmak \u0130steyenler \u0130\u00e7in Ar-Ge Alanlar\u0131 A\u015fa\u011f\u0131da Belirtilmi\u015ftir.<\/h2>\t\t<\/div>\n\t\t\t\t<\/div>\n\t\t\t\t\t<\/div>\n\t\t\t\t<\/div>\n\t\t<div class=\"elementor-element elementor-element-171d08c e-flex e-con-boxed e-con e-parent\" data-id=\"171d08c\" data-element_type=\"container\" data-settings=\"{&quot;content_width&quot;:&quot;boxed&quot;}\" data-core-v316-plus=\"true\">\n\t\t\t\t\t<div class=\"e-con-inner\">\n\t\t\t\t<div class=\"elementor-element elementor-element-2fc1dd6 elementor-widget elementor-widget-accordion\" data-id=\"2fc1dd6\" data-element_type=\"widget\" data-widget_type=\"accordion.default\">\n\t\t\t\t<div class=\"elementor-widget-container\">\n\t\t\t<style>\/*! elementor - v3.18.0 - 20-12-2023 *\/\n.elementor-accordion{text-align:left}.elementor-accordion .elementor-accordion-item{border:1px solid #d5d8dc}.elementor-accordion .elementor-accordion-item+.elementor-accordion-item{border-top:none}.elementor-accordion .elementor-tab-title{margin:0;padding:15px 20px;font-weight:700;line-height:1;cursor:pointer;outline:none}.elementor-accordion .elementor-tab-title .elementor-accordion-icon{display:inline-block;width:1.5em}.elementor-accordion .elementor-tab-title .elementor-accordion-icon svg{width:1em;height:1em}.elementor-accordion .elementor-tab-title .elementor-accordion-icon.elementor-accordion-icon-right{float:right;text-align:right}.elementor-accordion .elementor-tab-title .elementor-accordion-icon.elementor-accordion-icon-left{float:left;text-align:left}.elementor-accordion .elementor-tab-title .elementor-accordion-icon .elementor-accordion-icon-closed{display:block}.elementor-accordion .elementor-tab-title .elementor-accordion-icon .elementor-accordion-icon-opened,.elementor-accordion .elementor-tab-title.elementor-active .elementor-accordion-icon-closed{display:none}.elementor-accordion .elementor-tab-title.elementor-active .elementor-accordion-icon-opened{display:block}.elementor-accordion .elementor-tab-content{display:none;padding:15px 20px;border-top:1px solid #d5d8dc}@media (max-width:767px){.elementor-accordion .elementor-tab-title{padding:12px 15px}.elementor-accordion .elementor-tab-title .elementor-accordion-icon{width:1.2em}.elementor-accordion .elementor-tab-content{padding:7px 15px}}.e-con-inner>.elementor-widget-accordion,.e-con>.elementor-widget-accordion{width:var(--container-widget-width);--flex-grow:var(--container-widget-flex-grow)}<\/style>\t\t<div class=\"elementor-accordion\">\n\t\t\t\t\t\t\t<div class=\"elementor-accordion-item\">\n\t\t\t\t\t<div id=\"elementor-tab-title-5001\" class=\"elementor-tab-title\" data-tab=\"1\" role=\"button\" aria-controls=\"elementor-tab-content-5001\" aria-expanded=\"false\">\n\t\t\t\t\t\t\t\t\t\t\t\t\t<span class=\"elementor-accordion-icon elementor-accordion-icon-left\" aria-hidden=\"true\">\n\t\t\t\t\t\t\t\t\t\t\t\t\t\t\t<span class=\"elementor-accordion-icon-closed\"><svg class=\"e-font-icon-svg e-fas-plus\" viewBox=\"0 0 448 512\" xmlns=\"http:\/\/www.w3.org\/2000\/svg\"><path d=\"M416 208H272V64c0-17.67-14.33-32-32-32h-32c-17.67 0-32 14.33-32 32v144H32c-17.67 0-32 14.33-32 32v32c0 17.67 14.33 32 32 32h144v144c0 17.67 14.33 32 32 32h32c17.67 0 32-14.33 32-32V304h144c17.67 0 32-14.33 32-32v-32c0-17.67-14.33-32-32-32z\"><\/path><\/svg><\/span>\n\t\t\t\t\t\t\t\t<span class=\"elementor-accordion-icon-opened\"><svg class=\"e-font-icon-svg e-fas-minus\" viewBox=\"0 0 448 512\" xmlns=\"http:\/\/www.w3.org\/2000\/svg\"><path d=\"M416 208H32c-17.67 0-32 14.33-32 32v32c0 17.67 14.33 32 32 32h384c17.67 0 32-14.33 32-32v-32c0-17.67-14.33-32-32-32z\"><\/path><\/svg><\/span>\n\t\t\t\t\t\t\t\t\t\t\t\t\t\t<\/span>\n\t\t\t\t\t\t\t\t\t\t\t\t<a class=\"elementor-accordion-title\" tabindex=\"0\">Ailelere \u00d6zel Psiko - Destek \u00c7al\u0131\u015fmalar\u0131<\/a>\n\t\t\t\t\t<\/div>\n\t\t\t\t\t<div id=\"elementor-tab-content-5001\" class=\"elementor-tab-content elementor-clearfix\" data-tab=\"1\" role=\"region\" aria-labelledby=\"elementor-tab-title-5001\"><p>\u0130htiya\u00e7 Sahibi Ailelere Y\u00f6nelik Yap\u0131lan \u00c7al\u0131\u015fmalard\u0131r&#8230;<\/p>\n<p><a href=\"https:\/\/ebuishak.org\/wp-content\/uploads\/2024\/01\/aile.jpg\"><img decoding=\"async\" class=\"alignleft wp-image-897 size-medium\" src=\"https:\/\/ebuishak.org\/wp-content\/uploads\/2024\/01\/aile-300x123.jpg\" alt=\"\" width=\"300\" height=\"123\" srcset=\"https:\/\/ebuishak.org\/wp-content\/uploads\/2024\/01\/aile-300x123.jpg 300w, https:\/\/ebuishak.org\/wp-content\/uploads\/2024\/01\/aile.jpg 611w\" sizes=\"(max-width: 300px) 100vw, 300px\" \/><\/a><\/p><\/div>\n\t\t\t\t<\/div>\n\t\t\t\t\t\t\t<div class=\"elementor-accordion-item\">\n\t\t\t\t\t<div id=\"elementor-tab-title-5002\" class=\"elementor-tab-title\" data-tab=\"2\" role=\"button\" aria-controls=\"elementor-tab-content-5002\" aria-expanded=\"false\">\n\t\t\t\t\t\t\t\t\t\t\t\t\t<span class=\"elementor-accordion-icon elementor-accordion-icon-left\" aria-hidden=\"true\">\n\t\t\t\t\t\t\t\t\t\t\t\t\t\t\t<span class=\"elementor-accordion-icon-closed\"><svg class=\"e-font-icon-svg e-fas-plus\" viewBox=\"0 0 448 512\" xmlns=\"http:\/\/www.w3.org\/2000\/svg\"><path d=\"M416 208H272V64c0-17.67-14.33-32-32-32h-32c-17.67 0-32 14.33-32 32v144H32c-17.67 0-32 14.33-32 32v32c0 17.67 14.33 32 32 32h144v144c0 17.67 14.33 32 32 32h32c17.67 0 32-14.33 32-32V304h144c17.67 0 32-14.33 32-32v-32c0-17.67-14.33-32-32-32z\"><\/path><\/svg><\/span>\n\t\t\t\t\t\t\t\t<span class=\"elementor-accordion-icon-opened\"><svg class=\"e-font-icon-svg e-fas-minus\" viewBox=\"0 0 448 512\" xmlns=\"http:\/\/www.w3.org\/2000\/svg\"><path d=\"M416 208H32c-17.67 0-32 14.33-32 32v32c0 17.67 14.33 32 32 32h384c17.67 0 32-14.33 32-32v-32c0-17.67-14.33-32-32-32z\"><\/path><\/svg><\/span>\n\t\t\t\t\t\t\t\t\t\t\t\t\t\t<\/span>\n\t\t\t\t\t\t\t\t\t\t\t\t<a class=\"elementor-accordion-title\" tabindex=\"0\">Saha Analiz \u00c7al\u0131\u015fmalar\u0131<\/a>\n\t\t\t\t\t<\/div>\n\t\t\t\t\t<div id=\"elementor-tab-content-5002\" class=\"elementor-tab-content elementor-clearfix\" data-tab=\"2\" role=\"region\" aria-labelledby=\"elementor-tab-title-5002\"><p>Vak\u0131fa \u0130htiya\u00e7 Sebebiyle Ba\u015fvuru yapan ailelerin durum tespit ve analizinin yap\u0131ld\u0131\u011f\u0131 \u00e7al\u0131\u015fmalard\u0131r&#8230;<\/p>\n<p><a href=\"https:\/\/ebuishak.org\/wp-content\/uploads\/2024\/01\/8.jpeg\"><img fetchpriority=\"high\" decoding=\"async\" class=\"alignnone size-medium wp-image-632\" src=\"https:\/\/ebuishak.org\/wp-content\/uploads\/2024\/01\/8-300x225.jpeg\" alt=\"\" width=\"300\" height=\"225\" srcset=\"https:\/\/ebuishak.org\/wp-content\/uploads\/2024\/01\/8-300x225.jpeg 300w, https:\/\/ebuishak.org\/wp-content\/uploads\/2024\/01\/8-1024x768.jpeg 1024w, https:\/\/ebuishak.org\/wp-content\/uploads\/2024\/01\/8-768x576.jpeg 768w, https:\/\/ebuishak.org\/wp-content\/uploads\/2024\/01\/8-1536x1152.jpeg 1536w, https:\/\/ebuishak.org\/wp-content\/uploads\/2024\/01\/8.jpeg 1600w\" sizes=\"(max-width: 300px) 100vw, 300px\" \/><\/a><\/p><\/div>\n\t\t\t\t<\/div>\n\t\t\t\t\t\t\t<div class=\"elementor-accordion-item\">\n\t\t\t\t\t<div id=\"elementor-tab-title-5003\" class=\"elementor-tab-title\" data-tab=\"3\" role=\"button\" aria-controls=\"elementor-tab-content-5003\" aria-expanded=\"false\">\n\t\t\t\t\t\t\t\t\t\t\t\t\t<span class=\"elementor-accordion-icon elementor-accordion-icon-left\" aria-hidden=\"true\">\n\t\t\t\t\t\t\t\t\t\t\t\t\t\t\t<span class=\"elementor-accordion-icon-closed\"><svg class=\"e-font-icon-svg e-fas-plus\" viewBox=\"0 0 448 512\" xmlns=\"http:\/\/www.w3.org\/2000\/svg\"><path d=\"M416 208H272V64c0-17.67-14.33-32-32-32h-32c-17.67 0-32 14.33-32 32v144H32c-17.67 0-32 14.33-32 32v32c0 17.67 14.33 32 32 32h144v144c0 17.67 14.33 32 32 32h32c17.67 0 32-14.33 32-32V304h144c17.67 0 32-14.33 32-32v-32c0-17.67-14.33-32-32-32z\"><\/path><\/svg><\/span>\n\t\t\t\t\t\t\t\t<span class=\"elementor-accordion-icon-opened\"><svg class=\"e-font-icon-svg e-fas-minus\" viewBox=\"0 0 448 512\" xmlns=\"http:\/\/www.w3.org\/2000\/svg\"><path d=\"M416 208H32c-17.67 0-32 14.33-32 32v32c0 17.67 14.33 32 32 32h384c17.67 0 32-14.33 32-32v-32c0-17.67-14.33-32-32-32z\"><\/path><\/svg><\/span>\n\t\t\t\t\t\t\t\t\t\t\t\t\t\t<\/span>\n\t\t\t\t\t\t\t\t\t\t\t\t<a class=\"elementor-accordion-title\" tabindex=\"0\">Gen\u00e7lik \u00c7al\u0131\u015fmalar\u0131<\/a>\n\t\t\t\t\t<\/div>\n\t\t\t\t\t<div id=\"elementor-tab-content-5003\" class=\"elementor-tab-content elementor-clearfix\" data-tab=\"3\" role=\"region\" aria-labelledby=\"elementor-tab-title-5003\"><p>\u0130htiya\u00e7 Sahibi Ailelerin \u00c7ocuklar\u0131na Y\u00f6nelik Sosyal, K\u00fclt\u00fcrel ve Sportif \u00c7al\u0131\u015fmalar\u0131n\u0131n uyguland\u0131\u011f\u0131 programlard\u0131r&#8230;<\/p>\n<p><a href=\"https:\/\/ebuishak.org\/wp-content\/uploads\/2024\/01\/giyim.jpg\"><img decoding=\"async\" class=\"alignnone size-medium wp-image-857\" src=\"https:\/\/ebuishak.org\/wp-content\/uploads\/2024\/01\/giyim-300x150.jpg\" alt=\"\" width=\"300\" height=\"150\" srcset=\"https:\/\/ebuishak.org\/wp-content\/uploads\/2024\/01\/giyim-300x150.jpg 300w, https:\/\/ebuishak.org\/wp-content\/uploads\/2024\/01\/giyim-1024x512.jpg 1024w, https:\/\/ebuishak.org\/wp-content\/uploads\/2024\/01\/giyim-768x384.jpg 768w, https:\/\/ebuishak.org\/wp-content\/uploads\/2024\/01\/giyim-1536x768.jpg 1536w, https:\/\/ebuishak.org\/wp-content\/uploads\/2024\/01\/giyim.jpg 1600w\" sizes=\"(max-width: 300px) 100vw, 300px\" \/><\/a><\/p><\/div>\n\t\t\t\t<\/div>\n\t\t\t\t\t\t\t<div class=\"elementor-accordion-item\">\n\t\t\t\t\t<div id=\"elementor-tab-title-5004\" class=\"elementor-tab-title\" data-tab=\"4\" role=\"button\" aria-controls=\"elementor-tab-content-5004\" aria-expanded=\"false\">\n\t\t\t\t\t\t\t\t\t\t\t\t\t<span class=\"elementor-accordion-icon elementor-accordion-icon-left\" aria-hidden=\"true\">\n\t\t\t\t\t\t\t\t\t\t\t\t\t\t\t<span class=\"elementor-accordion-icon-closed\"><svg class=\"e-font-icon-svg e-fas-plus\" viewBox=\"0 0 448 512\" xmlns=\"http:\/\/www.w3.org\/2000\/svg\"><path d=\"M416 208H272V64c0-17.67-14.33-32-32-32h-32c-17.67 0-32 14.33-32 32v144H32c-17.67 0-32 14.33-32 32v32c0 17.67 14.33 32 32 32h144v144c0 17.67 14.33 32 32 32h32c17.67 0 32-14.33 32-32V304h144c17.67 0 32-14.33 32-32v-32c0-17.67-14.33-32-32-32z\"><\/path><\/svg><\/span>\n\t\t\t\t\t\t\t\t<span class=\"elementor-accordion-icon-opened\"><svg class=\"e-font-icon-svg e-fas-minus\" viewBox=\"0 0 448 512\" xmlns=\"http:\/\/www.w3.org\/2000\/svg\"><path d=\"M416 208H32c-17.67 0-32 14.33-32 32v32c0 17.67 14.33 32 32 32h384c17.67 0 32-14.33 32-32v-32c0-17.67-14.33-32-32-32z\"><\/path><\/svg><\/span>\n\t\t\t\t\t\t\t\t\t\t\t\t\t\t<\/span>\n\t\t\t\t\t\t\t\t\t\t\t\t<a class=\"elementor-accordion-title\" tabindex=\"0\">Afad \u00c7al\u0131\u015fmalar\u0131<\/a>\n\t\t\t\t\t<\/div>\n\t\t\t\t\t<div id=\"elementor-tab-content-5004\" class=\"elementor-tab-content elementor-clearfix\" data-tab=\"4\" role=\"region\" aria-labelledby=\"elementor-tab-title-5004\"><p>Deprem, Heyelan, Sel vb. Afetlere Kar\u015f\u0131 M\u00fccadele \u0130\u00e7in;<\/p>\n<ul>\n<li>Afet Fark\u0131ndal\u0131\u011f\u0131,<\/li>\n<li>Kriz Y\u00f6netimi,<\/li>\n<li>\u0130lk Yard\u0131m,<\/li>\n<li>Ekip Y\u00f6netimi<\/li>\n<\/ul>\n<p>\u00dczerine Yap\u0131lan E\u011fitim \u00c7al\u0131\u015fmalar\u0131d\u0131r&#8230;<\/p>\n<p><a href=\"https:\/\/ebuishak.org\/wp-content\/uploads\/2024\/01\/27.jpeg\"><img loading=\"lazy\" decoding=\"async\" class=\"alignnone size-medium wp-image-637\" src=\"https:\/\/ebuishak.org\/wp-content\/uploads\/2024\/01\/27-300x225.jpeg\" alt=\"\" width=\"300\" height=\"225\" srcset=\"https:\/\/ebuishak.org\/wp-content\/uploads\/2024\/01\/27-300x225.jpeg 300w, https:\/\/ebuishak.org\/wp-content\/uploads\/2024\/01\/27-1024x768.jpeg 1024w, https:\/\/ebuishak.org\/wp-content\/uploads\/2024\/01\/27-768x576.jpeg 768w, https:\/\/ebuishak.org\/wp-content\/uploads\/2024\/01\/27-1536x1152.jpeg 1536w, https:\/\/ebuishak.org\/wp-content\/uploads\/2024\/01\/27.jpeg 1600w\" sizes=\"(max-width: 300px) 100vw, 300px\" \/><\/a><\/p><\/div>\n\t\t\t\t<\/div>\n\t\t\t\t\t\t\t\t<\/div>\n\t\t\t\t<\/div>\n\t\t\t\t<\/div>\n\t\t\t\t\t<\/div>\n\t\t\t\t<\/div>\n\t\t<div class=\"elementor-element elementor-element-80463c8 e-flex e-con-boxed e-con e-parent\" data-id=\"80463c8\" data-element_type=\"container\" data-settings=\"{&quot;content_width&quot;:&quot;boxed&quot;}\" data-core-v316-plus=\"true\">\n\t\t\t\t\t<div class=\"e-con-inner\">\n\t\t\t\t<div class=\"elementor-element elementor-element-3df738c elementor-widget elementor-widget-testimonial\" data-id=\"3df738c\" data-element_type=\"widget\" data-widget_type=\"testimonial.default\">\n\t\t\t\t<div class=\"elementor-widget-container\">\n\t\t\t<style>\/*! elementor - v3.18.0 - 20-12-2023 *\/\n.elementor-testimonial-wrapper{overflow:hidden;text-align:center}.elementor-testimonial-wrapper .elementor-testimonial-content{font-size:1.3em;margin-bottom:20px}.elementor-testimonial-wrapper .elementor-testimonial-name{line-height:1.5;display:block}.elementor-testimonial-wrapper .elementor-testimonial-job{font-size:.85em;display:block}.elementor-testimonial-wrapper .elementor-testimonial-meta{width:100%;line-height:1}.elementor-testimonial-wrapper .elementor-testimonial-meta-inner{display:inline-block}.elementor-testimonial-wrapper .elementor-testimonial-meta .elementor-testimonial-details,.elementor-testimonial-wrapper .elementor-testimonial-meta .elementor-testimonial-image{display:table-cell;vertical-align:middle}.elementor-testimonial-wrapper .elementor-testimonial-meta .elementor-testimonial-image img{width:60px;height:60px;border-radius:50%;-o-object-fit:cover;object-fit:cover;max-width:none}.elementor-testimonial-wrapper .elementor-testimonial-meta.elementor-testimonial-image-position-aside .elementor-testimonial-image{padding-right:15px}.elementor-testimonial-wrapper .elementor-testimonial-meta.elementor-testimonial-image-position-aside .elementor-testimonial-details{text-align:left}.elementor-testimonial-wrapper .elementor-testimonial-meta.elementor-testimonial-image-position-top .elementor-testimonial-details,.elementor-testimonial-wrapper .elementor-testimonial-meta.elementor-testimonial-image-position-top .elementor-testimonial-image{display:block}.elementor-testimonial-wrapper .elementor-testimonial-meta.elementor-testimonial-image-position-top .elementor-testimonial-image{margin-bottom:20px}<\/style>\t\t<div class=\"elementor-testimonial-wrapper\">\n\t\t\t\t\t\t\t<div class=\"elementor-testimonial-content\">\"M\u00fcsl\u00fcman, m\u00fcsl\u00fcman\u0131n karde\u015fidir. Ona zulmetmez, haks\u0131zl\u0131k yapmaz, onu d\u00fc\u015fmana teslim etmez. M\u00fcsl\u00fcman karde\u015finin ihtiyac\u0131n\u0131 gideren kimsenin Allah da ihtiyac\u0131n\u0131 giderir. <br>\n'' Hadis-i \u015eerif ''<\/div>\n\t\t\t\n\t\t\t\t\t\t<div class=\"elementor-testimonial-meta elementor-has-image elementor-testimonial-image-position-aside\">\n\t\t\t\t<div class=\"elementor-testimonial-meta-inner\">\n\t\t\t\t\t\t\t\t\t\t\t<div class=\"elementor-testimonial-image\">\n\t\t\t\t\t\t\t<img loading=\"lazy\" decoding=\"async\" width=\"300\" height=\"300\" src=\"https:\/\/ebuishak.org\/wp-content\/uploads\/2024\/01\/cropped-Ebu-Ishak-Vakfi-Logo1-1-300x300.png\" class=\"attachment-medium size-medium wp-image-655\" alt=\"\" srcset=\"https:\/\/ebuishak.org\/wp-content\/uploads\/2024\/01\/cropped-Ebu-Ishak-Vakfi-Logo1-1-300x300.png 300w, https:\/\/ebuishak.org\/wp-content\/uploads\/2024\/01\/cropped-Ebu-Ishak-Vakfi-Logo1-1-150x150.png 150w, https:\/\/ebuishak.org\/wp-content\/uploads\/2024\/01\/cropped-Ebu-Ishak-Vakfi-Logo1-1-270x270.png 270w, https:\/\/ebuishak.org\/wp-content\/uploads\/2024\/01\/cropped-Ebu-Ishak-Vakfi-Logo1-1-192x192.png 192w, https:\/\/ebuishak.org\/wp-content\/uploads\/2024\/01\/cropped-Ebu-Ishak-Vakfi-Logo1-1-180x180.png 180w, https:\/\/ebuishak.org\/wp-content\/uploads\/2024\/01\/cropped-Ebu-Ishak-Vakfi-Logo1-1-32x32.png 32w, https:\/\/ebuishak.org\/wp-content\/uploads\/2024\/01\/cropped-Ebu-Ishak-Vakfi-Logo1-1.png 512w\" sizes=\"(max-width: 300px) 100vw, 300px\" \/>\t\t\t\t\t\t<\/div>\n\t\t\t\t\t\n\t\t\t\t\t\t\t\t\t\t<div class=\"elementor-testimonial-details\">\n\t\t\t\t\t\t\t\t\t\t\t\t\t\t<div class=\"elementor-testimonial-name\">Ebu \u0130shak <\/div>\n\t\t\t\t\t\t\t\t\t\t\t\t\t\t\t\t\t\t\t\t\t\t<div class=\"elementor-testimonial-job\">Vakf\u0131<\/div>\n\t\t\t\t\t\t\t\t\t\t\t\t\t<\/div>\n\t\t\t\t\t\t\t\t\t<\/div>\n\t\t\t<\/div>\n\t\t\t\t\t<\/div>\n\t\t\t\t<\/div>\n\t\t\t\t<\/div>\n\t\t\t\t\t<\/div>\n\t\t\t\t<\/div>\n\t\t\t\t\t\t\t<\/div>\n\t\t","protected":false},"excerpt":{"rendered":"<p>Vakf\u0131m\u0131z Faaliyetlerinde G\u00f6n\u00fcll\u00fc Olmak \u0130steyenler \u0130\u00e7in Ar-Ge Alanlar\u0131 A\u015fa\u011f\u0131da Belirtilmi\u015ftir. Ailelere \u00d6zel Psiko &#8211; Destek \u00c7al\u0131\u015fmalar\u0131 \u0130htiya\u00e7 Sahibi Ailelere Y\u00f6nelik Yap\u0131lan \u00c7al\u0131\u015fmalard\u0131r&#8230; Saha Analiz \u00c7al\u0131\u015fmalar\u0131 Vak\u0131fa \u0130htiya\u00e7 Sebebiyle Ba\u015fvuru yapan ailelerin durum tespit ve analizinin yap\u0131ld\u0131\u011f\u0131 \u00e7al\u0131\u015fmalard\u0131r&#8230; Gen\u00e7lik \u00c7al\u0131\u015fmalar\u0131 \u0130htiya\u00e7 Sahibi Ailelerin \u00c7ocuklar\u0131na Y\u00f6nelik Sosyal, K\u00fclt\u00fcrel ve Sportif \u00c7al\u0131\u015fmalar\u0131n\u0131n uyguland\u0131\u011f\u0131 programlard\u0131r&#8230; Afad \u00c7al\u0131\u015fmalar\u0131 Deprem, Heyelan, [&hellip;]<\/p>\n","protected":false},"author":1,"featured_media":897,"parent":0,"menu_order":0,"comment_status":"closed","ping_status":"closed","template":"","meta":{"footnotes":""},"_links":{"self":[{"href":"https:\/\/ebuishak.org\/index.php\/wp-json\/wp\/v2\/pages\/889"}],"collection":[{"href":"https:\/\/ebuishak.org\/index.php\/wp-json\/wp\/v2\/pages"}],"about":[{"href":"https:\/\/ebuishak.org\/index.php\/wp-json\/wp\/v2\/types\/page"}],"author":[{"embeddable":true,"href":"https:\/\/ebuishak.org\/index.php\/wp-json\/wp\/v2\/users\/1"}],"replies":[{"embeddable":true,"href":"https:\/\/ebuishak.org\/index.php\/wp-json\/wp\/v2\/comments?post=889"}],"version-history":[{"count":44,"href":"https:\/\/ebuishak.org\/index.php\/wp-json\/wp\/v2\/pages\/889\/revisions"}],"predecessor-version":[{"id":941,"href":"https:\/\/ebuishak.org\/index.php\/wp-json\/wp\/v2\/pages\/889\/revisions\/941"}],"wp:featuredmedia":[{"embeddable":true,"href":"https:\/\/ebuishak.org\/index.php\/wp-json\/wp\/v2\/media\/897"}],"wp:attachment":[{"href":"https:\/\/ebuishak.org\/index.php\/wp-json\/wp\/v2\/media?parent=889"}],"curies":[{"name":"wp","href":"https:\/\/api.w.org\/{rel}","templated":true}]}}