{"id":700,"date":"2024-01-15T09:23:22","date_gmt":"2024-01-15T09:23:22","guid":{"rendered":"https:\/\/ebuishak.org\/?page_id=700"},"modified":"2024-02-01T12:46:33","modified_gmt":"2024-02-01T12:46:33","slug":"hesap-numaralarimiz","status":"publish","type":"page","link":"https:\/\/ebuishak.org\/index.php\/hesap-numaralarimiz\/","title":{"rendered":"\u00a0Hesap Numaralar\u0131m\u0131z"},"content":{"rendered":"\t\t<div data-elementor-type=\"wp-page\" data-elementor-id=\"700\" class=\"elementor elementor-700\">\n\t\t\t\t\t\t\t<div class=\"elementor-element elementor-element-2cb2295 e-flex e-con-boxed e-con e-parent\" data-id=\"2cb2295\" data-element_type=\"container\" data-settings=\"{&quot;content_width&quot;:&quot;boxed&quot;}\" data-core-v316-plus=\"true\">\n\t\t\t\t\t<div class=\"e-con-inner\">\n\t\t\t\t<div class=\"elementor-element elementor-element-bda2c62 elementor-widget elementor-widget-image\" data-id=\"bda2c62\" data-element_type=\"widget\" data-widget_type=\"image.default\">\n\t\t\t\t<div class=\"elementor-widget-container\">\n\t\t\t<style>\/*! elementor - v3.18.0 - 20-12-2023 *\/\n.elementor-widget-image{text-align:center}.elementor-widget-image a{display:inline-block}.elementor-widget-image a img[src$=\".svg\"]{width:48px}.elementor-widget-image img{vertical-align:middle;display:inline-block}<\/style>\t\t\t\t\t\t\t\t\t\t\t\t<img fetchpriority=\"high\" decoding=\"async\" width=\"1024\" height=\"1024\" src=\"https:\/\/ebuishak.org\/wp-content\/uploads\/2024\/02\/VAKIF-HESAP-NUMARALRI_11zon-1024x1024.jpg\" class=\"attachment-large size-large wp-image-953\" alt=\"\" srcset=\"https:\/\/ebuishak.org\/wp-content\/uploads\/2024\/02\/VAKIF-HESAP-NUMARALRI_11zon-1024x1024.jpg 1024w, https:\/\/ebuishak.org\/wp-content\/uploads\/2024\/02\/VAKIF-HESAP-NUMARALRI_11zon-300x300.jpg 300w, https:\/\/ebuishak.org\/wp-content\/uploads\/2024\/02\/VAKIF-HESAP-NUMARALRI_11zon-150x150.jpg 150w, https:\/\/ebuishak.org\/wp-content\/uploads\/2024\/02\/VAKIF-HESAP-NUMARALRI_11zon-768x768.jpg 768w, https:\/\/ebuishak.org\/wp-content\/uploads\/2024\/02\/VAKIF-HESAP-NUMARALRI_11zon-1536x1536.jpg 1536w, https:\/\/ebuishak.org\/wp-content\/uploads\/2024\/02\/VAKIF-HESAP-NUMARALRI_11zon-2048x2048.jpg 2048w\" sizes=\"(max-width: 1024px) 100vw, 1024px\" \/>\t\t\t\t\t\t\t\t\t\t\t\t\t\t\t<\/div>\n\t\t\t\t<\/div>\n\t\t\t\t\t<\/div>\n\t\t\t\t<\/div>\n\t\t<div class=\"elementor-element elementor-element-3675db1 e-con-full e-flex e-con e-parent\" data-id=\"3675db1\" data-element_type=\"container\" data-settings=\"{&quot;content_width&quot;:&quot;full&quot;}\" data-core-v316-plus=\"true\">\n\t\t\t\t<div class=\"elementor-element elementor-element-8f165af elementor-widget__width-initial elementor-widget elementor-widget-text-editor\" data-id=\"8f165af\" data-element_type=\"widget\" data-widget_type=\"text-editor.default\">\n\t\t\t\t<div class=\"elementor-widget-container\">\n\t\t\t<style>\/*! elementor - v3.18.0 - 20-12-2023 *\/\n.elementor-widget-text-editor.elementor-drop-cap-view-stacked .elementor-drop-cap{background-color:#69727d;color:#fff}.elementor-widget-text-editor.elementor-drop-cap-view-framed .elementor-drop-cap{color:#69727d;border:3px solid;background-color:transparent}.elementor-widget-text-editor:not(.elementor-drop-cap-view-default) .elementor-drop-cap{margin-top:8px}.elementor-widget-text-editor:not(.elementor-drop-cap-view-default) .elementor-drop-cap-letter{width:1em;height:1em}.elementor-widget-text-editor .elementor-drop-cap{float:left;text-align:center;line-height:1;font-size:50px}.elementor-widget-text-editor .elementor-drop-cap-letter{display:inline-block}<\/style>\t\t\t\t<p class=\"MsoListParagraph\" style=\"margin-left: 53.4pt; mso-add-space: auto; text-indent: -18.0pt; mso-list: l0 level1 lfo1;\">KUVEYT T\u00dcRK KATILIM BANKASI<\/p><p class=\"MsoListParagraph\" style=\"margin-left: 53.4pt; mso-add-space: auto; text-indent: -18.0pt; mso-list: l0 level1 lfo1;\"><span style=\"font-family: var(--contentFont); text-indent: -18pt; color: var( --e-global-color-text ); font-weight: var( --e-global-typography-text-font-weight );\">TR90 0020 5000 0061 2682 9000 01<\/span><\/p><p class=\"MsoListParagraph\" style=\"margin-left: 53.4pt; mso-add-space: auto; text-indent: -18.0pt; mso-list: l0 level1 lfo1;\">VAKIF KATILIM BANKASI<\/p><p class=\"MsoListParagraph\" style=\"margin-left: 53.4pt; mso-add-space: auto; text-indent: -18.0pt; mso-list: l0 level1 lfo1;\">TR43 0021 0000 0000 3506 6000 01<\/p>\t\t\t\t\t\t<\/div>\n\t\t\t\t<\/div>\n\t\t\t\t<\/div>\n\t\t<div class=\"elementor-element elementor-element-ee24d63 e-flex e-con-boxed e-con e-parent\" data-id=\"ee24d63\" data-element_type=\"container\" data-settings=\"{&quot;content_width&quot;:&quot;boxed&quot;}\" data-core-v316-plus=\"true\">\n\t\t\t\t\t<div class=\"e-con-inner\">\n\t\t\t\t<div class=\"elementor-element elementor-element-a2397fb elementor-widget elementor-widget-heading\" data-id=\"a2397fb\" data-element_type=\"widget\" data-widget_type=\"heading.default\">\n\t\t\t\t<div class=\"elementor-widget-container\">\n\t\t\t<style>\/*! elementor - v3.18.0 - 20-12-2023 *\/\n.elementor-heading-title{padding:0;margin:0;line-height:1}.elementor-widget-heading .elementor-heading-title[class*=elementor-size-]>a{color:inherit;font-size:inherit;line-height:inherit}.elementor-widget-heading .elementor-heading-title.elementor-size-small{font-size:15px}.elementor-widget-heading .elementor-heading-title.elementor-size-medium{font-size:19px}.elementor-widget-heading .elementor-heading-title.elementor-size-large{font-size:29px}.elementor-widget-heading .elementor-heading-title.elementor-size-xl{font-size:39px}.elementor-widget-heading .elementor-heading-title.elementor-size-xxl{font-size:59px}<\/style><h2 class=\"elementor-heading-title elementor-size-default\"><span style=\"color: rgb(77, 80, 83); font-family: &quot;Open Sans&quot;, system-ui, sans-serif; font-size: 14px; font-weight: 400; white-space-collapse: collapse;\">L\u00fctfen&nbsp;<\/span><span style=\"box-sizing: inherit; -webkit-font-smoothing: antialiased; border: 0px; vertical-align: baseline; font-size: 14px; font-family: &quot;Open Sans&quot;, system-ui, sans-serif; font-weight: 400; white-space-collapse: collapse; color: rgb(255, 0, 0);\">ba\u011f\u0131\u015f yaparken<\/span><span style=\"color: rgb(77, 80, 83); font-family: &quot;Open Sans&quot;, system-ui, sans-serif; font-size: 14px; font-weight: 400; white-space-collapse: collapse;\">&nbsp;a\u00e7\u0131klamaya;&nbsp;<\/span><span style=\"box-sizing: inherit; -webkit-font-smoothing: antialiased; border: 0px; vertical-align: baseline; font-size: 14px; font-family: &quot;Open Sans&quot;, system-ui, sans-serif; font-weight: var(--title-fw-bold); color: rgb(77, 80, 83); white-space-collapse: collapse;\">ba\u011f\u0131\u015f\u00e7\u0131n\u0131n ad soyad ve<\/span><span style=\"color: rgb(77, 80, 83); font-family: &quot;Open Sans&quot;, system-ui, sans-serif; font-size: 14px; font-weight: 400; white-space-collapse: collapse;\">&nbsp;<\/span><span style=\"box-sizing: inherit; -webkit-font-smoothing: antialiased; border: 0px; vertical-align: baseline; font-size: 14px; font-family: &quot;Open Sans&quot;, system-ui, sans-serif; font-weight: var(--title-fw-bold); color: rgb(77, 80, 83); white-space-collapse: collapse;\">telefon numaras\u0131n\u0131<\/span><span style=\"color: rgb(77, 80, 83); font-family: &quot;Open Sans&quot;, system-ui, sans-serif; font-size: 14px; font-weight: 400; white-space-collapse: collapse;\">&nbsp;yazmay\u0131 unutmay\u0131n\u0131z.<\/span><\/h2>\t\t<\/div>\n\t\t\t\t<\/div>\n\t\t\t\t\t<\/div>\n\t\t\t\t<\/div>\n\t\t\t\t\t\t\t<\/div>\n\t\t","protected":false},"excerpt":{"rendered":"<p>KUVEYT T\u00dcRK KATILIM BANKASI TR90 0020 5000 0061 2682 9000 01 VAKIF KATILIM BANKASI TR43 0021 0000 0000 3506 6000 01 L\u00fctfen&nbsp;ba\u011f\u0131\u015f yaparken&nbsp;a\u00e7\u0131klamaya;&nbsp;ba\u011f\u0131\u015f\u00e7\u0131n\u0131n ad soyad ve&nbsp;telefon numaras\u0131n\u0131&nbsp;yazmay\u0131 unutmay\u0131n\u0131z.<\/p>\n","protected":false},"author":1,"featured_media":0,"parent":0,"menu_order":0,"comment_status":"closed","ping_status":"closed","template":"","meta":{"footnotes":""},"_links":{"self":[{"href":"https:\/\/ebuishak.org\/index.php\/wp-json\/wp\/v2\/pages\/700"}],"collection":[{"href":"https:\/\/ebuishak.org\/index.php\/wp-json\/wp\/v2\/pages"}],"about":[{"href":"https:\/\/ebuishak.org\/index.php\/wp-json\/wp\/v2\/types\/page"}],"author":[{"embeddable":true,"href":"https:\/\/ebuishak.org\/index.php\/wp-json\/wp\/v2\/users\/1"}],"replies":[{"embeddable":true,"href":"https:\/\/ebuishak.org\/index.php\/wp-json\/wp\/v2\/comments?post=700"}],"version-history":[{"count":19,"href":"https:\/\/ebuishak.org\/index.php\/wp-json\/wp\/v2\/pages\/700\/revisions"}],"predecessor-version":[{"id":957,"href":"https:\/\/ebuishak.org\/index.php\/wp-json\/wp\/v2\/pages\/700\/revisions\/957"}],"wp:attachment":[{"href":"https:\/\/ebuishak.org\/index.php\/wp-json\/wp\/v2\/media?parent=700"}],"curies":[{"name":"wp","href":"https:\/\/api.w.org\/{rel}","templated":true}]}}