{"id":17,"date":"2015-01-13T17:53:22","date_gmt":"2015-01-13T17:53:22","guid":{"rendered":"http:\/\/demo.safirtema.com\/safirkurumsal\/?page_id=17"},"modified":"2024-01-15T13:15:42","modified_gmt":"2024-01-15T13:15:42","slug":"sikca-sorulan-sorular","status":"publish","type":"page","link":"https:\/\/ebuishak.org\/index.php\/sikca-sorulan-sorular\/","title":{"rendered":"Faaliyetlerimiz"},"content":{"rendered":"\t\t<div data-elementor-type=\"wp-page\" data-elementor-id=\"17\" class=\"elementor elementor-17\">\n\t\t\t\t\t\t\t<div class=\"elementor-element elementor-element-8f31e3d e-flex e-con-boxed e-con e-parent\" data-id=\"8f31e3d\" data-element_type=\"container\" data-settings=\"{&quot;content_width&quot;:&quot;boxed&quot;}\" data-core-v316-plus=\"true\">\n\t\t\t\t\t<div class=\"e-con-inner\">\n\t\t<div class=\"elementor-element elementor-element-4743a65 e-con-full e-flex e-con e-child\" data-id=\"4743a65\" data-element_type=\"container\" data-settings=\"{&quot;content_width&quot;:&quot;full&quot;}\">\n\t\t\t\t<div class=\"elementor-element elementor-element-43d5480 elementor-invisible elementor-widget elementor-widget-image\" data-id=\"43d5480\" data-element_type=\"widget\" data-settings=\"{&quot;_animation&quot;:&quot;swing&quot;}\" data-widget_type=\"image.default\">\n\t\t\t\t<div class=\"elementor-widget-container\">\n\t\t\t<style>\/*! elementor - v3.18.0 - 20-12-2023 *\/\n.elementor-widget-image{text-align:center}.elementor-widget-image a{display:inline-block}.elementor-widget-image a img[src$=\".svg\"]{width:48px}.elementor-widget-image img{vertical-align:middle;display:inline-block}<\/style>\t\t\t\t\t\t\t\t\t\t\t\t<img fetchpriority=\"high\" decoding=\"async\" width=\"724\" height=\"1024\" src=\"https:\/\/ebuishak.org\/wp-content\/uploads\/2024\/01\/2-724x1024.png\" class=\"attachment-large size-large wp-image-677\" alt=\"\" srcset=\"https:\/\/ebuishak.org\/wp-content\/uploads\/2024\/01\/2-724x1024.png 724w, https:\/\/ebuishak.org\/wp-content\/uploads\/2024\/01\/2-212x300.png 212w, https:\/\/ebuishak.org\/wp-content\/uploads\/2024\/01\/2-768x1086.png 768w, https:\/\/ebuishak.org\/wp-content\/uploads\/2024\/01\/2-1086x1536.png 1086w, https:\/\/ebuishak.org\/wp-content\/uploads\/2024\/01\/2-1448x2048.png 1448w\" sizes=\"(max-width: 724px) 100vw, 724px\" \/>\t\t\t\t\t\t\t\t\t\t\t\t\t\t\t<\/div>\n\t\t\t\t<\/div>\n\t\t\t\t<\/div>\n\t\t<div class=\"elementor-element elementor-element-4a783b0 e-con-full e-flex e-con e-child\" data-id=\"4a783b0\" data-element_type=\"container\" data-settings=\"{&quot;content_width&quot;:&quot;full&quot;}\">\n\t\t\t\t<div class=\"elementor-element elementor-element-9c15ad0 elementor-invisible elementor-widget elementor-widget-image\" data-id=\"9c15ad0\" data-element_type=\"widget\" data-settings=\"{&quot;_animation&quot;:&quot;bounce&quot;}\" data-widget_type=\"image.default\">\n\t\t\t\t<div class=\"elementor-widget-container\">\n\t\t\t\t\t\t\t\t\t\t\t\t\t\t\t<img decoding=\"async\" width=\"1024\" height=\"768\" src=\"https:\/\/ebuishak.org\/wp-content\/uploads\/2024\/01\/25-1024x768.jpeg\" class=\"attachment-large size-large wp-image-635\" alt=\"\" srcset=\"https:\/\/ebuishak.org\/wp-content\/uploads\/2024\/01\/25-1024x768.jpeg 1024w, https:\/\/ebuishak.org\/wp-content\/uploads\/2024\/01\/25-300x225.jpeg 300w, https:\/\/ebuishak.org\/wp-content\/uploads\/2024\/01\/25-768x576.jpeg 768w, https:\/\/ebuishak.org\/wp-content\/uploads\/2024\/01\/25-1536x1152.jpeg 1536w, https:\/\/ebuishak.org\/wp-content\/uploads\/2024\/01\/25.jpeg 2000w\" sizes=\"(max-width: 1024px) 100vw, 1024px\" \/>\t\t\t\t\t\t\t\t\t\t\t\t\t\t\t<\/div>\n\t\t\t\t<\/div>\n\t\t\t\t<\/div>\n\t\t<div class=\"elementor-element elementor-element-3604d67 e-con-full e-flex e-con e-child\" data-id=\"3604d67\" data-element_type=\"container\" data-settings=\"{&quot;content_width&quot;:&quot;full&quot;}\">\n\t\t\t\t<div class=\"elementor-element elementor-element-33109bb elementor-invisible elementor-widget elementor-widget-image\" data-id=\"33109bb\" data-element_type=\"widget\" data-settings=\"{&quot;_animation&quot;:&quot;rotateInDownLeft&quot;}\" data-widget_type=\"image.default\">\n\t\t\t\t<div class=\"elementor-widget-container\">\n\t\t\t\t\t\t\t\t\t\t\t\t\t\t\t<img decoding=\"async\" width=\"724\" height=\"1024\" src=\"https:\/\/ebuishak.org\/wp-content\/uploads\/2024\/01\/1-724x1024.png\" class=\"attachment-large size-large wp-image-676\" alt=\"\" srcset=\"https:\/\/ebuishak.org\/wp-content\/uploads\/2024\/01\/1-724x1024.png 724w, https:\/\/ebuishak.org\/wp-content\/uploads\/2024\/01\/1-212x300.png 212w, https:\/\/ebuishak.org\/wp-content\/uploads\/2024\/01\/1-768x1086.png 768w, https:\/\/ebuishak.org\/wp-content\/uploads\/2024\/01\/1-1086x1536.png 1086w, https:\/\/ebuishak.org\/wp-content\/uploads\/2024\/01\/1-1448x2048.png 1448w\" sizes=\"(max-width: 724px) 100vw, 724px\" \/>\t\t\t\t\t\t\t\t\t\t\t\t\t\t\t<\/div>\n\t\t\t\t<\/div>\n\t\t\t\t<\/div>\n\t\t\t\t\t<\/div>\n\t\t\t\t<\/div>\n\t\t<div class=\"elementor-element elementor-element-797db064 e-flex e-con-boxed e-con e-parent\" data-id=\"797db064\" data-element_type=\"container\" data-settings=\"{&quot;content_width&quot;:&quot;boxed&quot;}\" data-core-v316-plus=\"true\">\n\t\t\t\t\t<div class=\"e-con-inner\">\n\t\t\t\t<div class=\"elementor-element elementor-element-116fbf71 elementor-widget elementor-widget-text-editor\" data-id=\"116fbf71\" data-element_type=\"widget\" data-widget_type=\"text-editor.default\">\n\t\t\t\t<div class=\"elementor-widget-container\">\n\t\t\t<style>\/*! elementor - v3.18.0 - 20-12-2023 *\/\n.elementor-widget-text-editor.elementor-drop-cap-view-stacked .elementor-drop-cap{background-color:#69727d;color:#fff}.elementor-widget-text-editor.elementor-drop-cap-view-framed .elementor-drop-cap{color:#69727d;border:3px solid;background-color:transparent}.elementor-widget-text-editor:not(.elementor-drop-cap-view-default) .elementor-drop-cap{margin-top:8px}.elementor-widget-text-editor:not(.elementor-drop-cap-view-default) .elementor-drop-cap-letter{width:1em;height:1em}.elementor-widget-text-editor .elementor-drop-cap{float:left;text-align:center;line-height:1;font-size:50px}.elementor-widget-text-editor .elementor-drop-cap-letter{display:inline-block}<\/style>\t\t\t\t<p>\u00a0<\/p>\n<div class=\"wp-block-safirtema-sorucevap safir-faq\">\n<div class=\"question\">\n<p><strong>HATAY DEPREM H\u0130ZMETLER\u0130<\/strong><\/p>\n<div class=\"openclose plus\">\u00a0<\/div>\n<\/div>\n<ul>\n<li>G\u00fcnl\u00fck S\u0131cak \u00c7orba \u0130kram\u0131<\/li>\n<li>Kahvalt\u0131l\u0131k Kumanya Da\u011f\u0131t\u0131m\u0131<\/li>\n<li>Battaniye, Yorgan Da\u011f\u0131t\u0131mlar\u0131<\/li>\n<li>\u0130ftar Organizasyonlar\u0131<\/li>\n<li>Psiko-Sosyal Destek Hizmetleri<\/li>\n<li>Lojistik Destek Hizmetleri<\/li>\n<\/ul>\n<\/div>\n<p><!-- \/wp:safirtema\/sorucevap --><!-- wp:safirtema\/sorucevap {\"title\":\"Nostrum sed est quam odio tempora eligendi laboriosam?\"} --><\/p>\n<div class=\"wp-block-safirtema-sorucevap safir-faq\">\n<div class=\"question\"><span class=\"text\">KURBAN H\u0130ZMETLER\u0130<\/span><\/div>\n<\/div>\n<div class=\"wp-block-safirtema-sorucevap safir-faq\">\n<ul>\n<li>Adak<\/li>\n<li>Akika<\/li>\n<li>\u015e\u00fck\u00fcr\u00a0<\/li>\n<li>&#8221;Kurban kesim i\u015flemi i\u00e7in 1 G\u00fcn \u00f6ncesinden bizimle ileti\u015fim kurabilirsiniz.&#8221;\u00a0<\/li>\n<\/ul>\n<\/div>\n<p><!-- \/wp:safirtema\/sorucevap --><!-- wp:safirtema\/sorucevap {\"title\":\"Soluta occaecati est eligendi minima omnis reprehenderit?\"} --><\/p>\n<div class=\"wp-block-safirtema-sorucevap safir-faq\">\n<div class=\"wp-block-safirtema-sorucevap safir-faq\">\u00a0<\/div>\n<\/div>\n<p><!-- \/wp:safirtema\/sorucevap --><!-- wp:safirtema\/sorucevap {\"title\":\"Occaecati similique facere vel et quia rem rem?\"} --><\/p>\n<div class=\"wp-block-safirtema-sorucevap safir-faq\">\n<div class=\"question\">\n<p><span class=\"text\">E\u011e\u0130T\u0130M H\u0130ZMETLER\u0130M\u0130Z<\/span><\/p>\n<\/div>\n<ul>\n<li>Vakf\u0131m\u0131zdan Yard\u0131m Alan Ailelerimizin ve \u00c7e\u015fitli B\u00f6lgelerde Bulunan \u00d6\u011frenciler i\u00e7in Gen\u00e7lik Merkezlerimiz E\u011fitim, Sosyal ve K\u00fclt\u00fcrel alanda Hizmet Sunmaktad\u0131r.<\/li>\n<li>&#8211; Gen\u00e7lik Merkezlerimiz;<\/li>\n<li>\u015e\u00fckr\u00fcpa\u015fa | Sanayi | K\u00f6\u015fk | Y\u0131ld\u0131zkent b\u00f6lgelerinde hizmet vermektedir.<\/li>\n<\/ul>\n<\/div>\n<p><!-- \/wp:safirtema\/sorucevap --><!-- wp:safirtema\/sorucevap {\"title\":\"Consequatur quod in alias at nostrum nulla quod omnis?\"} --><\/p>\n<div class=\"wp-block-safirtema-sorucevap safir-faq\">\n<div class=\"question\">\n<div class=\"safiricon icon\">\u00a0<\/div>\n<p><span class=\"text\">SOSYAL VE K\u00dcLT\u00dcREL H\u0130ZMETLER<\/span><\/p>\n<div class=\"openclose plus\">\u00a0<\/div>\n<\/div>\n<p>Kermesler, K\u00fclt\u00fcrel Faaliyetler, Gezi ve Etkinlikler, A\u015fure Da\u011f\u0131t\u0131m\u0131, Kumanya Da\u011f\u0131t\u0131m\u0131, \u0130ftariyelik, Bot-Mont Kampanyas\u0131, G\u00f6n\u00fcll\u00fcl\u00fck \u00c7al\u0131\u015fmalar\u0131 \u015eeklinde Hizmet Verilmektedir.<\/p>\n<p>\u00a0<\/p>\n<\/div>\n<p><!-- \/wp:safirtema\/sorucevap --><\/p>\t\t\t\t\t\t<\/div>\n\t\t\t\t<\/div>\n\t\t\t\t\t<\/div>\n\t\t\t\t<\/div>\n\t\t\t\t\t\t\t<\/div>\n\t\t","protected":false},"excerpt":{"rendered":"<p>\u00a0 HATAY DEPREM H\u0130ZMETLER\u0130 \u00a0 G\u00fcnl\u00fck S\u0131cak \u00c7orba \u0130kram\u0131 Kahvalt\u0131l\u0131k Kumanya Da\u011f\u0131t\u0131m\u0131 Battaniye, Yorgan Da\u011f\u0131t\u0131mlar\u0131 \u0130ftar Organizasyonlar\u0131 Psiko-Sosyal Destek Hizmetleri Lojistik Destek Hizmetleri KURBAN H\u0130ZMETLER\u0130 Adak Akika \u015e\u00fck\u00fcr\u00a0 &#8221;Kurban kesim i\u015flemi i\u00e7in 1 G\u00fcn \u00f6ncesinden bizimle ileti\u015fim kurabilirsiniz.&#8221;\u00a0 \u00a0 E\u011e\u0130T\u0130M H\u0130ZMETLER\u0130M\u0130Z Vakf\u0131m\u0131zdan Yard\u0131m Alan Ailelerimizin ve \u00c7e\u015fitli B\u00f6lgelerde Bulunan \u00d6\u011frenciler i\u00e7in Gen\u00e7lik Merkezlerimiz E\u011fitim, Sosyal [&hellip;]<\/p>\n","protected":false},"author":1,"featured_media":0,"parent":0,"menu_order":0,"comment_status":"open","ping_status":"open","template":"","meta":{"footnotes":""},"_links":{"self":[{"href":"https:\/\/ebuishak.org\/index.php\/wp-json\/wp\/v2\/pages\/17"}],"collection":[{"href":"https:\/\/ebuishak.org\/index.php\/wp-json\/wp\/v2\/pages"}],"about":[{"href":"https:\/\/ebuishak.org\/index.php\/wp-json\/wp\/v2\/types\/page"}],"author":[{"embeddable":true,"href":"https:\/\/ebuishak.org\/index.php\/wp-json\/wp\/v2\/users\/1"}],"replies":[{"embeddable":true,"href":"https:\/\/ebuishak.org\/index.php\/wp-json\/wp\/v2\/comments?post=17"}],"version-history":[{"count":42,"href":"https:\/\/ebuishak.org\/index.php\/wp-json\/wp\/v2\/pages\/17\/revisions"}],"predecessor-version":[{"id":765,"href":"https:\/\/ebuishak.org\/index.php\/wp-json\/wp\/v2\/pages\/17\/revisions\/765"}],"wp:attachment":[{"href":"https:\/\/ebuishak.org\/index.php\/wp-json\/wp\/v2\/media?parent=17"}],"curies":[{"name":"wp","href":"https:\/\/api.w.org\/{rel}","templated":true}]}}