{"id":16,"date":"2015-01-13T20:06:05","date_gmt":"2015-01-13T20:06:05","guid":{"rendered":"http:\/\/demo.safirtema.com\/safirkurumsal\/?page_id=16"},"modified":"2024-01-16T13:56:55","modified_gmt":"2024-01-16T13:56:55","slug":"ortak-faaliyet-yurutulen-kurumlar","status":"publish","type":"page","link":"https:\/\/ebuishak.org\/index.php\/ortak-faaliyet-yurutulen-kurumlar\/","title":{"rendered":"Ortak Faaliyet Y\u00fcr\u00fct\u00fclen Kurumlar"},"content":{"rendered":"\n<figure class=\"wp-block-gallery has-nested-images columns-default is-cropped wp-block-gallery-1 is-layout-flex wp-block-gallery-is-layout-flex\"><div class=\"wp-block-image is-style-default\">\n<figure data-wp-context=\"{ &quot;core&quot;:\n\t\t\t\t{ &quot;image&quot;:\n\t\t\t\t\t{   &quot;imageLoaded&quot;: false,\n\t\t\t\t\t\t&quot;initialized&quot;: false,\n\t\t\t\t\t\t&quot;lightboxEnabled&quot;: false,\n\t\t\t\t\t\t&quot;hideAnimationEnabled&quot;: false,\n\t\t\t\t\t\t&quot;preloadInitialized&quot;: false,\n\t\t\t\t\t\t&quot;lightboxAnimation&quot;: &quot;zoom&quot;,\n\t\t\t\t\t\t&quot;imageUploadedSrc&quot;: &quot;https:\/\/ebuishak.org\/wp-content\/uploads\/2024\/01\/erzurum-valiligi-scaled.jpg&quot;,\n\t\t\t\t\t\t&quot;imageCurrentSrc&quot;: &quot;&quot;,\n\t\t\t\t\t\t&quot;targetWidth&quot;: &quot;2560&quot;,\n\t\t\t\t\t\t&quot;targetHeight&quot;: &quot;1349&quot;,\n\t\t\t\t\t\t&quot;scaleAttr&quot;: &quot;&quot;,\n\t\t\t\t\t\t&quot;dialogLabel&quot;: &quot;B\u00fcy\u00fct\u00fclm\u00fc\u015f g\u00f6rsel&quot;\n\t\t\t\t\t}\n\t\t\t\t}\n\t\t\t}\" data-wp-interactive class=\"alignleft size-large wp-lightbox-container\"><img fetchpriority=\"high\" decoding=\"async\" width=\"1024\" height=\"540\" data-wp-effect--setStylesOnResize=\"effects.core.image.setStylesOnResize\" data-wp-effect=\"effects.core.image.setButtonStyles\" data-wp-init=\"effects.core.image.initOriginImage\" data-wp-on--click=\"actions.core.image.showLightbox\" data-wp-on--load=\"actions.core.image.handleLoad\" data-id=\"808\" src=\"https:\/\/ebuishak.org\/wp-content\/uploads\/2024\/01\/erzurum-valiligi-1024x540.jpg\" alt=\"\" class=\"wp-image-808\" srcset=\"https:\/\/ebuishak.org\/wp-content\/uploads\/2024\/01\/erzurum-valiligi-1024x540.jpg 1024w, https:\/\/ebuishak.org\/wp-content\/uploads\/2024\/01\/erzurum-valiligi-300x158.jpg 300w, https:\/\/ebuishak.org\/wp-content\/uploads\/2024\/01\/erzurum-valiligi-768x405.jpg 768w, https:\/\/ebuishak.org\/wp-content\/uploads\/2024\/01\/erzurum-valiligi-1536x809.jpg 1536w, https:\/\/ebuishak.org\/wp-content\/uploads\/2024\/01\/erzurum-valiligi-2048x1079.jpg 2048w\" sizes=\"(max-width: 1024px) 100vw, 1024px\" \/><button\n\t\t\tclass=\"lightbox-trigger\"\n\t\t\ttype=\"button\"\n\t\t\taria-haspopup=\"dialog\"\n\t\t\taria-label=\"G\u00f6rseli b\u00fcy\u00fct\"\n\t\t\tdata-wp-on--click=\"actions.core.image.showLightbox\"\n\t\t\tdata-wp-style--right=\"context.core.image.imageButtonRight\"\n\t\t\tdata-wp-style--top=\"context.core.image.imageButtonTop\"\n\t\t>\n\t\t\t<svg xmlns=\"http:\/\/www.w3.org\/2000\/svg\" width=\"12\" height=\"12\" fill=\"none\" viewBox=\"0 0 12 12\">\n\t\t\t\t<path fill=\"#fff\" d=\"M2 0a2 2 0 0 0-2 2v2h1.5V2a.5.5 0 0 1 .5-.5h2V0H2Zm2 10.5H2a.5.5 0 0 1-.5-.5V8H0v2a2 2 0 0 0 2 2h2v-1.5ZM8 12v-1.5h2a.5.5 0 0 0 .5-.5V8H12v2a2 2 0 0 1-2 2H8Zm2-12a2 2 0 0 1 2 2v2h-1.5V2a.5.5 0 0 0-.5-.5H8V0h2Z\" \/>\n\t\t\t<\/svg>\n\t\t<\/button>        <div data-wp-body=\"\" class=\"wp-lightbox-overlay zoom\"\n            data-wp-bind--role=\"selectors.core.image.roleAttribute\"\n            data-wp-bind--aria-label=\"selectors.core.image.dialogLabel\"\n            data-wp-class--initialized=\"context.core.image.initialized\"\n            data-wp-class--active=\"context.core.image.lightboxEnabled\"\n            data-wp-class--hideAnimationEnabled=\"context.core.image.hideAnimationEnabled\"\n            data-wp-bind--aria-modal=\"selectors.core.image.ariaModal\"\n            data-wp-effect=\"effects.core.image.initLightbox\"\n            data-wp-on--keydown=\"actions.core.image.handleKeydown\"\n            data-wp-on--touchstart=\"actions.core.image.handleTouchStart\"\n            data-wp-on--touchmove=\"actions.core.image.handleTouchMove\"\n            data-wp-on--touchend=\"actions.core.image.handleTouchEnd\"\n            data-wp-on--click=\"actions.core.image.hideLightbox\"\n            tabindex=\"-1\"\n            >\n                <button type=\"button\" aria-label=\"Kapat\" style=\"fill: #000\" class=\"close-button\" data-wp-on--click=\"actions.core.image.hideLightbox\">\n                    <svg xmlns=\"http:\/\/www.w3.org\/2000\/svg\" viewBox=\"0 0 24 24\" width=\"20\" height=\"20\" aria-hidden=\"true\" focusable=\"false\"><path d=\"M13 11.8l6.1-6.3-1-1-6.1 6.2-6.1-6.2-1 1 6.1 6.3-6.5 6.7 1 1 6.5-6.6 6.5 6.6 1-1z\"><\/path><\/svg>\n                <\/button>\n                <div class=\"lightbox-image-container\"><div class=\"wp-block-image is-style-default\">\n<figure class=\"alignleft size-large responsive-image\"><img decoding=\"async\" data-wp-bind--src=\"context.core.image.imageCurrentSrc\" data-wp-style--object-fit=\"selectors.core.image.lightboxObjectFit\" data-id=\"808\" src=\"\" alt=\"\" class=\"wp-image-808\"\/><\/figure><\/div><\/div>\n                <div class=\"lightbox-image-container\"><div class=\"wp-block-image is-style-default\">\n<figure class=\"alignleft size-large enlarged-image\"><img decoding=\"async\" data-wp-bind--src=\"selectors.core.image.enlargedImgSrc\" data-wp-style--object-fit=\"selectors.core.image.lightboxObjectFit\" data-id=\"808\" src=\"\" alt=\"\" class=\"wp-image-808\"\/><\/figure><\/div><\/div>\n                <div class=\"scrim\" style=\"background-color: #fff\" aria-hidden=\"true\"><\/div>\n        <\/div><\/figure><\/div>\n\n\n<figure class=\"wp-block-image size-large\"><img decoding=\"async\" width=\"711\" height=\"1024\" data-id=\"814\" src=\"https:\/\/ebuishak.org\/wp-content\/uploads\/2024\/01\/11zon_buyuksehir_logo_sade-711x1024.jpg\" alt=\"\" class=\"wp-image-814\" srcset=\"https:\/\/ebuishak.org\/wp-content\/uploads\/2024\/01\/11zon_buyuksehir_logo_sade-711x1024.jpg 711w, https:\/\/ebuishak.org\/wp-content\/uploads\/2024\/01\/11zon_buyuksehir_logo_sade-208x300.jpg 208w, https:\/\/ebuishak.org\/wp-content\/uploads\/2024\/01\/11zon_buyuksehir_logo_sade-768x1106.jpg 768w, https:\/\/ebuishak.org\/wp-content\/uploads\/2024\/01\/11zon_buyuksehir_logo_sade-1067x1536.jpg 1067w, https:\/\/ebuishak.org\/wp-content\/uploads\/2024\/01\/11zon_buyuksehir_logo_sade-1422x2048.jpg 1422w, https:\/\/ebuishak.org\/wp-content\/uploads\/2024\/01\/11zon_buyuksehir_logo_sade.jpg 1454w\" sizes=\"(max-width: 711px) 100vw, 711px\" \/><\/figure>\n\n\n\n<figure class=\"wp-block-image size-large\"><img decoding=\"async\" width=\"866\" height=\"650\" data-id=\"813\" src=\"https:\/\/ebuishak.org\/wp-content\/uploads\/2024\/01\/vakiflar-genel-mudurlugu.jpg\" alt=\"\" class=\"wp-image-813\" srcset=\"https:\/\/ebuishak.org\/wp-content\/uploads\/2024\/01\/vakiflar-genel-mudurlugu.jpg 866w, https:\/\/ebuishak.org\/wp-content\/uploads\/2024\/01\/vakiflar-genel-mudurlugu-300x225.jpg 300w, https:\/\/ebuishak.org\/wp-content\/uploads\/2024\/01\/vakiflar-genel-mudurlugu-768x576.jpg 768w\" sizes=\"(max-width: 866px) 100vw, 866px\" \/><\/figure>\n\n\n\n<figure class=\"wp-block-image size-large\"><img loading=\"lazy\" decoding=\"async\" width=\"1024\" height=\"525\" data-id=\"817\" src=\"https:\/\/ebuishak.org\/wp-content\/uploads\/2024\/01\/AFAD-Logo-1024x525.jpg\" alt=\"\" class=\"wp-image-817\" srcset=\"https:\/\/ebuishak.org\/wp-content\/uploads\/2024\/01\/AFAD-Logo-1024x525.jpg 1024w, https:\/\/ebuishak.org\/wp-content\/uploads\/2024\/01\/AFAD-Logo-300x154.jpg 300w, https:\/\/ebuishak.org\/wp-content\/uploads\/2024\/01\/AFAD-Logo-768x394.jpg 768w, https:\/\/ebuishak.org\/wp-content\/uploads\/2024\/01\/AFAD-Logo-1536x788.jpg 1536w, https:\/\/ebuishak.org\/wp-content\/uploads\/2024\/01\/AFAD-Logo-2048x1050.jpg 2048w\" sizes=\"(max-width: 1024px) 100vw, 1024px\" \/><\/figure>\n\n\n\n<figure class=\"wp-block-image size-large\"><img loading=\"lazy\" decoding=\"async\" width=\"375\" height=\"375\" data-id=\"809\" src=\"https:\/\/ebuishak.org\/wp-content\/uploads\/2024\/01\/diyanet.png\" alt=\"\" class=\"wp-image-809\" srcset=\"https:\/\/ebuishak.org\/wp-content\/uploads\/2024\/01\/diyanet.png 375w, https:\/\/ebuishak.org\/wp-content\/uploads\/2024\/01\/diyanet-300x300.png 300w, https:\/\/ebuishak.org\/wp-content\/uploads\/2024\/01\/diyanet-150x150.png 150w\" sizes=\"(max-width: 375px) 100vw, 375px\" \/><\/figure>\n\n\n\n<figure class=\"wp-block-image size-large\"><img loading=\"lazy\" decoding=\"async\" width=\"300\" height=\"300\" data-id=\"810\" src=\"https:\/\/ebuishak.org\/wp-content\/uploads\/2024\/01\/milli_egitim_bakanligi.png\" alt=\"\" class=\"wp-image-810\" srcset=\"https:\/\/ebuishak.org\/wp-content\/uploads\/2024\/01\/milli_egitim_bakanligi.png 300w, https:\/\/ebuishak.org\/wp-content\/uploads\/2024\/01\/milli_egitim_bakanligi-150x150.png 150w\" sizes=\"(max-width: 300px) 100vw, 300px\" \/><\/figure>\n\n\n\n<figure class=\"wp-block-image size-large\"><img loading=\"lazy\" decoding=\"async\" width=\"706\" height=\"630\" data-id=\"815\" src=\"https:\/\/ebuishak.org\/wp-content\/uploads\/2024\/01\/Genclik-ve-Spor-Yeni-Logolar-1.png\" alt=\"\" class=\"wp-image-815\" srcset=\"https:\/\/ebuishak.org\/wp-content\/uploads\/2024\/01\/Genclik-ve-Spor-Yeni-Logolar-1.png 706w, https:\/\/ebuishak.org\/wp-content\/uploads\/2024\/01\/Genclik-ve-Spor-Yeni-Logolar-1-300x268.png 300w\" sizes=\"(max-width: 706px) 100vw, 706px\" \/><\/figure>\n\n\n<div class=\"wp-block-image\">\n<figure class=\"aligncenter size-large\"><img loading=\"lazy\" decoding=\"async\" width=\"800\" height=\"800\" data-id=\"811\" src=\"https:\/\/ebuishak.org\/wp-content\/uploads\/2024\/01\/Aile_sosyal_politiklar_bakanligi.png\" alt=\"\" class=\"wp-image-811\" srcset=\"https:\/\/ebuishak.org\/wp-content\/uploads\/2024\/01\/Aile_sosyal_politiklar_bakanligi.png 800w, https:\/\/ebuishak.org\/wp-content\/uploads\/2024\/01\/Aile_sosyal_politiklar_bakanligi-300x300.png 300w, https:\/\/ebuishak.org\/wp-content\/uploads\/2024\/01\/Aile_sosyal_politiklar_bakanligi-150x150.png 150w, https:\/\/ebuishak.org\/wp-content\/uploads\/2024\/01\/Aile_sosyal_politiklar_bakanligi-768x768.png 768w\" sizes=\"(max-width: 800px) 100vw, 800px\" \/><\/figure><\/div><\/figure>\n","protected":false},"excerpt":{"rendered":"","protected":false},"author":1,"featured_media":0,"parent":0,"menu_order":0,"comment_status":"open","ping_status":"closed","template":"pages\/page-nogallerylink.php","meta":{"footnotes":""},"_links":{"self":[{"href":"https:\/\/ebuishak.org\/index.php\/wp-json\/wp\/v2\/pages\/16"}],"collection":[{"href":"https:\/\/ebuishak.org\/index.php\/wp-json\/wp\/v2\/pages"}],"about":[{"href":"https:\/\/ebuishak.org\/index.php\/wp-json\/wp\/v2\/types\/page"}],"author":[{"embeddable":true,"href":"https:\/\/ebuishak.org\/index.php\/wp-json\/wp\/v2\/users\/1"}],"replies":[{"embeddable":true,"href":"https:\/\/ebuishak.org\/index.php\/wp-json\/wp\/v2\/comments?post=16"}],"version-history":[{"count":26,"href":"https:\/\/ebuishak.org\/index.php\/wp-json\/wp\/v2\/pages\/16\/revisions"}],"predecessor-version":[{"id":837,"href":"https:\/\/ebuishak.org\/index.php\/wp-json\/wp\/v2\/pages\/16\/revisions\/837"}],"wp:attachment":[{"href":"https:\/\/ebuishak.org\/index.php\/wp-json\/wp\/v2\/media?parent=16"}],"curies":[{"name":"wp","href":"https:\/\/api.w.org\/{rel}","templated":true}]}}